{"id":409,"date":"2016-05-04T21:54:04","date_gmt":"2016-05-05T00:54:04","guid":{"rendered":"http:\/\/www.l2maker.com.br\/documentacao\/?page_id=409"},"modified":"2024-03-01T09:10:08","modified_gmt":"2024-03-01T12:10:08","slug":"impressao-direta-para-maker-2-x-e-3-x","status":"publish","type":"page","link":"https:\/\/www.l2maker.com.br\/documentacao\/impressao-direta-para-maker-2-x-e-3-x\/","title":{"rendered":"Impress\u00e3o Direta para Maker 2.x ou mais recente"},"content":{"rendered":"<p>Mande documentos PDF diretamente para impressora, sem di\u00e1logos de confirma\u00e7\u00e3o ou intera\u00e7\u00e3o com o usu\u00e1rio. Ideal para emiss\u00e3o de pedidos em cozinha de restaurantes, ou guich\u00eas de atendimentos diversos.<\/p>\n<p>Funcionando na CAMADA CLIENTE, atrav\u00e9s do nosso <a href=\"https:\/\/www.l2maker.com.br\/documentacao\/agente-de-comunicacao\/\">agente especial para Windows (32 e 64 bits)<\/a> que permite o uso de impressoras na m\u00e1quina do cliente (Navegador).<\/p>\n<p>Esta API tamb\u00e9m permite o envio de texto puro para impressoras matriciais, ou n\u00e3o fiscais, diretamente na camada cliente. Para envio de comandos avan\u00e7ados para impressoras matriciais veja nossa <a href=\"https:\/\/www.l2maker.com.br\/documentacao\/impressao-via-comandos-para-maker-2-x-3-x-studio-e-bootstrap\/\">API de Impress\u00e3o via Comandos<\/a>.<\/p>\n<p>\u00c9 poss\u00edvel trabalhar com impressoras Zebras, enviando comandos na sua linguagem nativa (ZPL), basta enviar o texto completo no formato aceito pela impressora.<\/p>\n<h1>Fun\u00e7\u00f5es que integram o pacote<\/h1>\n<ul>\n<li><strong>Impress\u00e3o &#8211; Imprimir TEXTO<\/strong> &#8211; Manda um texto diretamente para a impressora;<\/li>\n<li><strong>Impress\u00e3o &#8211; Imprimir PDF<\/strong> &#8211; Envia um PDF diretamente para impressora (pode ser usada para imprimir um relat\u00f3rio do Maker);<\/li>\n<li><strong>Impress\u00e3o &#8211; Obter lista de impressoras<\/strong> &#8211; Lista as impressoras dispon\u00edveis no computador;<\/li>\n<li><span style=\"line-height: 1.5;\"><strong>Impress\u00e3o &#8211; Inicializar na camada cliente<\/strong> &#8211; Pr\u00e9-carrega e conecta com o Agente de Comunica\u00e7\u00e3o local.<\/span><\/li>\n<\/ul>\n<h1>\u00daltimas vers\u00f5es<\/h1>\n<ul class=\"lcp_catlist\" id=\"lcp_instance_0\"><li><a href=\"https:\/\/www.l2maker.com.br\/documentacao\/2024\/11\/api-da-impressao-direta-versao-2-5-0-publicada-em-08-11-2024\/\">API da Impress\u00e3o Direta vers\u00e3o 2.5.0 publicada em 08\/11\/2024<\/a><\/li><li><a href=\"https:\/\/www.l2maker.com.br\/documentacao\/2024\/10\/api-da-impressao-direta-versao-2-4-0-publicada-em-24-10-2024\/\">API da Impress\u00e3o Direta vers\u00e3o 2.4.0 publicada em 24\/10\/2024<\/a><\/li><li><a href=\"https:\/\/www.l2maker.com.br\/documentacao\/2024\/03\/api-da-impressao-direta-versao-2-3-0-publicada-em-15-03-2024\/\">API da Impress\u00e3o Direta vers\u00e3o 2.3.0 publicada em 15\/03\/2024<\/a><\/li><li><a href=\"https:\/\/www.l2maker.com.br\/documentacao\/2024\/01\/api-da-impressao-direta-versao-2-2-0-publicada-em-04-01-2024\/\">API da Impress\u00e3o Direta vers\u00e3o 2.2.0 publicada em 04\/01\/2024<\/a><\/li><li><a href=\"https:\/\/www.l2maker.com.br\/documentacao\/2022\/11\/api-da-impressao-direta-versao-2-1-0-publicada-em-18-11-2022\/\">API da Impress\u00e3o Direta vers\u00e3o 2.1.0 publicada em 18\/11\/2022<\/a><\/li><li><a href=\"https:\/\/www.l2maker.com.br\/documentacao\/2022\/03\/api-da-impressao-direta-versao-2-0-2-publicada-em-29-03-2022\/\">API da Impress\u00e3o Direta vers\u00e3o 2.0.2 publicada em 29\/03\/2022<\/a><\/li><li><a href=\"https:\/\/www.l2maker.com.br\/documentacao\/2019\/08\/api-da-impressao-direta-versao-1-4-0-publicada-em-2109-08-21\/\">API da Impress\u00e3o Direta vers\u00e3o 1.4.0 publicada em 21\/08\/2019<\/a><\/li><li><a href=\"https:\/\/www.l2maker.com.br\/documentacao\/2017\/03\/api-da-impressao-direta-versao-1-2-3-publicada-em-22032017\/\">API da Impress\u00e3o Direta vers\u00e3o 1.2.3 publicada em 22\/03\/2017<\/a><\/li><li><a href=\"https:\/\/www.l2maker.com.br\/documentacao\/2016\/05\/api-da-impressao-direta-versao-1-2-2-publicada-em-04052016\/\">API da Impress\u00e3o Direta vers\u00e3o 1.2.2 publicada em 04\/05\/2016<\/a><\/li><\/ul>\n","protected":false},"excerpt":{"rendered":"<p>Mande documentos PDF diretamente para impressora, sem di\u00e1logos de confirma\u00e7\u00e3o ou intera\u00e7\u00e3o com o usu\u00e1rio. Ideal para emiss\u00e3o de pedidos em cozinha de restaurantes, ou guich\u00eas de atendimentos diversos. Funcionando na CAMADA CLIENTE, atrav\u00e9s do nosso agente especial para Windows (32 e 64 bits) que permite o uso de impressoras na m\u00e1quina do cliente (Navegador). [&hellip;]<\/p>\n","protected":false},"author":1,"featured_media":0,"parent":0,"menu_order":0,"comment_status":"closed","ping_status":"closed","template":"","meta":{"footnotes":""},"class_list":["post-409","page","type-page","status-publish","hentry"],"_links":{"self":[{"href":"https:\/\/www.l2maker.com.br\/documentacao\/wp-json\/wp\/v2\/pages\/409","targetHints":{"allow":["GET"]}}],"collection":[{"href":"https:\/\/www.l2maker.com.br\/documentacao\/wp-json\/wp\/v2\/pages"}],"about":[{"href":"https:\/\/www.l2maker.com.br\/documentacao\/wp-json\/wp\/v2\/types\/page"}],"author":[{"embeddable":true,"href":"https:\/\/www.l2maker.com.br\/documentacao\/wp-json\/wp\/v2\/users\/1"}],"replies":[{"embeddable":true,"href":"https:\/\/www.l2maker.com.br\/documentacao\/wp-json\/wp\/v2\/comments?post=409"}],"version-history":[{"count":10,"href":"https:\/\/www.l2maker.com.br\/documentacao\/wp-json\/wp\/v2\/pages\/409\/revisions"}],"predecessor-version":[{"id":3366,"href":"https:\/\/www.l2maker.com.br\/documentacao\/wp-json\/wp\/v2\/pages\/409\/revisions\/3366"}],"wp:attachment":[{"href":"https:\/\/www.l2maker.com.br\/documentacao\/wp-json\/wp\/v2\/media?parent=409"}],"curies":[{"name":"wp","href":"https:\/\/api.w.org\/{rel}","templated":true}]}}