{"id":2472,"date":"2022-07-09T13:33:19","date_gmt":"2022-07-09T16:33:19","guid":{"rendered":"http:\/\/www.l2maker.com.br\/documentacao\/?page_id=2472"},"modified":"2022-07-11T10:02:25","modified_gmt":"2022-07-11T13:02:25","slug":"api-firebase-integracao-com-o-maker-webrun","status":"publish","type":"page","link":"https:\/\/www.l2maker.com.br\/documentacao\/api-firebase-integracao-com-o-maker-webrun\/","title":{"rendered":"Firebase &#8211; Integra\u00e7\u00e3o com o Maker \/ Webrun"},"content":{"rendered":"\n<p>Atrav\u00e9s dessa API ser\u00e1 poss\u00edvel integrar servi\u00e7os do Firebase no Maker\/Webrun.<\/p>\n\n\n\n<h2 class=\"wp-block-heading\">Funcionalidades<\/h2>\n\n\n\n<ol class=\"wp-block-list\"><li><strong>Authentication<\/strong> &#8211; Permite utilizar a rotina de autentica\u00e7\u00e3o de usu\u00e1rio e senha, al\u00e9m de integra\u00e7\u00f5es com o login do Google, Microsoft, Facebook entre outros.<\/li><\/ol>\n\n\n\n<h2 class=\"wp-block-heading\">Instala\u00e7\u00e3o<\/h2>\n\n\n\n<p>Para instalar basta baixar a vers\u00e3o mais recente se seguir os passos abaixo descritos, <strong>a atualiza\u00e7\u00e3o segue o mesmo roteiro, substituindo os arquivos e\/ou fun\u00e7\u00f5es existentes com os novos<\/strong>.<\/p>\n\n\n\n<h2 class=\"wp-block-heading\">Maker<\/h2>\n\n\n\n<ol class=\"wp-block-list\"><li>Acesso o sistema onde deseja adicionar as fun\u00e7\u00f5es da SEFAZ;<\/li><li>Feche o editor de fluxos, e o cadastro de fun\u00e7\u00f5es se estiverem abertos;<\/li><li>Importe os arquivos \u2018<strong>l2maker-api-firebase-*.frz<\/strong>\u2019 (, atualize as fun\u00e7\u00f5es caso j\u00e1 existam);<\/li><li>Abra o edito de fluxos e procure pela(s) nova(s) categoria(s) \u2018Firebase &#8211; *\u2019;<\/li><li>Pronto! Basta instalar no Webrun e usar a nova fun\u00e7\u00e3o.<\/li><\/ol>\n\n\n\n<h2 class=\"wp-block-heading\">Webrun<\/h2>\n\n\n\n<ol class=\"wp-block-list\"><li><a href=\"https:\/\/www.l2maker.com.br\/documentacao\/2016\/11\/biblioteca-basica-da-l2-l2s-core-jar\/\" target=\"_blank\" rel=\"noreferrer noopener\">Instale a biblioteca b\u00e1sica em sua vers\u00e3o mais recente<\/a>;<\/li><li>Copie o conte\u00fado da pasta Maker.Commons para a pasta<br>[<a href=\"https:\/\/www.l2maker.com.br\/documentacao\/?p=1\">WEBRUN<\/a>]\\systems\\<a href=\"https:\/\/www.l2maker.com.br\/documentacao\/?p=1\">Maker.Commons<\/a> (crie-a se n\u00e3o existir);<\/li><li>Reinicie o Tomcat do Webrun;<\/li><li>Acesse o sistema (1a vez);<\/li><li>Reinicie novamente o Tomcat do Webrun (2a vez);<\/li><li>Acesse o sistema novamente;<\/li><li>Pronto! As bibliotecas est\u00e3o instaladas.<\/li><\/ol>\n\n\n\n<ul class=\"wp-block-list\"><li>NOTA 1: Sempre que atualizar ou republicar o Webrun ser\u00e1 necess\u00e1rio acessar, e em seguida reiniciar o Webrun uma vez para que as bibliotecas sejam carregadas.<\/li><li>NOTA 2: Quando publicar seu sistem com JAR certifique-se de levar junto a pasta \u2018Maker.Commons\u2019.<\/li><\/ul>\n\n\n\n<h2 class=\"wp-block-heading\">Instru\u00e7\u00f5es de uso<\/h2>\n\n\n<ul class=\"lcp_catlist\" id=\"lcp_instance_0\"><li><a href=\"https:\/\/www.l2maker.com.br\/documentacao\/2022\/07\/firebase-authentication\/\">Firebase Authentication<\/a><\/li><\/ul>\n\n\n\n<h2 class=\"wp-block-heading\">\u00daltimas vers\u00f5es<\/h2>\n\n\n<ul class=\"lcp_catlist\" id=\"lcp_instance_0\"><li><a href=\"https:\/\/www.l2maker.com.br\/documentacao\/2022\/07\/api-do-firebase-1-0-0\/\">API do Firebase 1.0.0<\/a><\/li><\/ul>\n\n\n\n<h2 class=\"wp-block-heading\">Vers\u00e3o trial<\/h2>\n\n\n\n<p>A vers\u00e3o de avalia\u00e3o pode apresentar mensagens de alerta (alert), ou indica\u00e7\u00f5es visuais, entre outras coisas.<\/p>\n\n\n\n<p>Para remover as limita\u00e7\u00f5es da vers\u00e3o trial voc\u00ea deve adicionar um arquivo de licen\u00e7a v\u00e1lido para da data de compila\u00e7\u00e3o da vers\u00e3o.<\/p>\n","protected":false},"excerpt":{"rendered":"<p>Atrav\u00e9s dessa API ser\u00e1 poss\u00edvel integrar servi\u00e7os do Firebase no Maker\/Webrun. Funcionalidades Authentication &#8211; Permite utilizar a rotina de autentica\u00e7\u00e3o de usu\u00e1rio e senha, al\u00e9m de integra\u00e7\u00f5es com o login do Google, Microsoft, Facebook entre outros. Instala\u00e7\u00e3o Para instalar basta baixar a vers\u00e3o mais recente se seguir os passos abaixo descritos, a atualiza\u00e7\u00e3o segue o [&hellip;]<\/p>\n","protected":false},"author":1,"featured_media":0,"parent":0,"menu_order":0,"comment_status":"closed","ping_status":"closed","template":"","meta":{"footnotes":""},"class_list":["post-2472","page","type-page","status-publish","hentry"],"_links":{"self":[{"href":"https:\/\/www.l2maker.com.br\/documentacao\/wp-json\/wp\/v2\/pages\/2472","targetHints":{"allow":["GET"]}}],"collection":[{"href":"https:\/\/www.l2maker.com.br\/documentacao\/wp-json\/wp\/v2\/pages"}],"about":[{"href":"https:\/\/www.l2maker.com.br\/documentacao\/wp-json\/wp\/v2\/types\/page"}],"author":[{"embeddable":true,"href":"https:\/\/www.l2maker.com.br\/documentacao\/wp-json\/wp\/v2\/users\/1"}],"replies":[{"embeddable":true,"href":"https:\/\/www.l2maker.com.br\/documentacao\/wp-json\/wp\/v2\/comments?post=2472"}],"version-history":[{"count":9,"href":"https:\/\/www.l2maker.com.br\/documentacao\/wp-json\/wp\/v2\/pages\/2472\/revisions"}],"predecessor-version":[{"id":2500,"href":"https:\/\/www.l2maker.com.br\/documentacao\/wp-json\/wp\/v2\/pages\/2472\/revisions\/2500"}],"wp:attachment":[{"href":"https:\/\/www.l2maker.com.br\/documentacao\/wp-json\/wp\/v2\/media?parent=2472"}],"curies":[{"name":"wp","href":"https:\/\/api.w.org\/{rel}","templated":true}]}}