{"id":243,"date":"2015-12-20T22:39:08","date_gmt":"2015-12-21T01:39:08","guid":{"rendered":"http:\/\/www.l2maker.com.br\/documentacao\/?page_id=243"},"modified":"2024-02-26T18:17:23","modified_gmt":"2024-02-26T21:17:23","slug":"api-mapas","status":"publish","type":"page","link":"https:\/\/www.l2maker.com.br\/documentacao\/api-mapas\/","title":{"rendered":"API de Mapas para Maker"},"content":{"rendered":"<p>A API de Mapas permite a integra\u00e7\u00e3o do Google Maps em suas aplica\u00e7\u00f5es Maker.<\/p>\n<h1>\u00daltimas vers\u00f5es<\/h1>\n<p>As \u00faltimas vers\u00f5es publicadas\u00a0podem ser baixadas nos links abaixo:<\/p>\n<ul class=\"lcp_catlist\" id=\"lcp_instance_0\"><li><a href=\"https:\/\/www.l2maker.com.br\/documentacao\/2024\/10\/api-de-mapas-versao-2-4-1-publicada-em-09-10-2024\/\">API de Mapas, vers\u00e3o 2.4.1 publicada em 09\/10\/2024<\/a><\/li><li><a href=\"https:\/\/www.l2maker.com.br\/documentacao\/2024\/04\/api-de-mapas-versao-2-2-1-publicada-em-12-04-2024\/\">API de Mapas, vers\u00e3o 2.2.1 publicada em 12\/04\/2024<\/a><\/li><li><a href=\"https:\/\/www.l2maker.com.br\/documentacao\/2024\/02\/api-de-mapas-versao-2-1-0-publicada-em-26-02-2024\/\">API de Mapas, vers\u00e3o 2.1.0 publicada em 26\/02\/2024<\/a><\/li><\/ul>\n<h1>Exemplos<\/h1>\n","protected":false},"excerpt":{"rendered":"<p>A API de Mapas permite a integra\u00e7\u00e3o do Google Maps em suas aplica\u00e7\u00f5es Maker. \u00daltimas vers\u00f5es As \u00faltimas vers\u00f5es publicadas\u00a0podem ser baixadas nos links abaixo: Exemplos<\/p>\n","protected":false},"author":1,"featured_media":0,"parent":0,"menu_order":0,"comment_status":"closed","ping_status":"closed","template":"","meta":{"footnotes":""},"class_list":["post-243","page","type-page","status-publish","hentry"],"_links":{"self":[{"href":"https:\/\/www.l2maker.com.br\/documentacao\/wp-json\/wp\/v2\/pages\/243","targetHints":{"allow":["GET"]}}],"collection":[{"href":"https:\/\/www.l2maker.com.br\/documentacao\/wp-json\/wp\/v2\/pages"}],"about":[{"href":"https:\/\/www.l2maker.com.br\/documentacao\/wp-json\/wp\/v2\/types\/page"}],"author":[{"embeddable":true,"href":"https:\/\/www.l2maker.com.br\/documentacao\/wp-json\/wp\/v2\/users\/1"}],"replies":[{"embeddable":true,"href":"https:\/\/www.l2maker.com.br\/documentacao\/wp-json\/wp\/v2\/comments?post=243"}],"version-history":[{"count":3,"href":"https:\/\/www.l2maker.com.br\/documentacao\/wp-json\/wp\/v2\/pages\/243\/revisions"}],"predecessor-version":[{"id":3352,"href":"https:\/\/www.l2maker.com.br\/documentacao\/wp-json\/wp\/v2\/pages\/243\/revisions\/3352"}],"wp:attachment":[{"href":"https:\/\/www.l2maker.com.br\/documentacao\/wp-json\/wp\/v2\/media?parent=243"}],"curies":[{"name":"wp","href":"https:\/\/api.w.org\/{rel}","templated":true}]}}