{"id":2258,"date":"2021-11-05T18:34:36","date_gmt":"2021-11-05T21:34:36","guid":{"rendered":"http:\/\/www.l2maker.com.br\/documentacao\/?page_id=2258"},"modified":"2023-11-28T14:20:47","modified_gmt":"2023-11-28T17:20:47","slug":"api-audio-util","status":"publish","type":"page","link":"https:\/\/www.l2maker.com.br\/documentacao\/api-audio-util\/","title":{"rendered":"A\u00fadio"},"content":{"rendered":"\n<p>Rotinas para convers\u00e3o e manipula\u00e7\u00e3o de a\u00fadios.<\/p>\n\n\n\n<h2 class=\"wp-block-heading\">\u00daltimas vers\u00f5es<\/h2>\n\n\n\n<p>As \u00faltimas vers\u00f5es publicadas&nbsp;podem ser baixadas nos links abaixo:<\/p>\n\n\n<ul class=\"lcp_catlist\" id=\"lcp_instance_0\"><li><a href=\"https:\/\/www.l2maker.com.br\/documentacao\/2021\/09\/api-de-audio-versao-1-0-1-publicada-em-20-09-2021\/\">API de A\u00fadio (vers\u00e3o 1.0.1, publicada em 20\/09\/2021)<\/a><\/li><\/ul>\n\n\n\n<h2 class=\"wp-block-heading\">Vers\u00e3o de avalia\u00e7\u00e3o (trial)<\/h2>\n\n\n\n<p>A vers\u00e3o de avalia\u00e7\u00e3o apresenta  algumas restri\u00e7\u00f5es incluindo:<\/p>\n\n\n\n<ul class=\"wp-block-list\">\n<li>Limite de 10 arquivos convertidos.<\/li>\n<\/ul>\n","protected":false},"excerpt":{"rendered":"<p>Rotinas para convers\u00e3o e manipula\u00e7\u00e3o de a\u00fadios. \u00daltimas vers\u00f5es As \u00faltimas vers\u00f5es publicadas&nbsp;podem ser baixadas nos links abaixo: Vers\u00e3o de avalia\u00e7\u00e3o (trial) A vers\u00e3o de avalia\u00e7\u00e3o apresenta algumas restri\u00e7\u00f5es incluindo:<\/p>\n","protected":false},"author":1,"featured_media":0,"parent":0,"menu_order":0,"comment_status":"closed","ping_status":"closed","template":"","meta":{"footnotes":""},"class_list":["post-2258","page","type-page","status-publish","hentry"],"_links":{"self":[{"href":"https:\/\/www.l2maker.com.br\/documentacao\/wp-json\/wp\/v2\/pages\/2258","targetHints":{"allow":["GET"]}}],"collection":[{"href":"https:\/\/www.l2maker.com.br\/documentacao\/wp-json\/wp\/v2\/pages"}],"about":[{"href":"https:\/\/www.l2maker.com.br\/documentacao\/wp-json\/wp\/v2\/types\/page"}],"author":[{"embeddable":true,"href":"https:\/\/www.l2maker.com.br\/documentacao\/wp-json\/wp\/v2\/users\/1"}],"replies":[{"embeddable":true,"href":"https:\/\/www.l2maker.com.br\/documentacao\/wp-json\/wp\/v2\/comments?post=2258"}],"version-history":[{"count":2,"href":"https:\/\/www.l2maker.com.br\/documentacao\/wp-json\/wp\/v2\/pages\/2258\/revisions"}],"predecessor-version":[{"id":3184,"href":"https:\/\/www.l2maker.com.br\/documentacao\/wp-json\/wp\/v2\/pages\/2258\/revisions\/3184"}],"wp:attachment":[{"href":"https:\/\/www.l2maker.com.br\/documentacao\/wp-json\/wp\/v2\/media?parent=2258"}],"curies":[{"name":"wp","href":"https:\/\/api.w.org\/{rel}","templated":true}]}}