{"id":2077,"date":"2021-04-20T08:23:14","date_gmt":"2021-04-20T11:23:14","guid":{"rendered":"http:\/\/www.l2maker.com.br\/documentacao\/?page_id=2077"},"modified":"2024-06-14T14:58:54","modified_gmt":"2024-06-14T17:58:54","slug":"api-do-pix-para-maker","status":"publish","type":"page","link":"https:\/\/www.l2maker.com.br\/documentacao\/api-do-pix-para-maker\/","title":{"rendered":"API do PIX para Maker"},"content":{"rendered":"\n<p>Permite o envio de cobran\u00e7as via PIX de forma simples e pr\u00e1tica.<\/p>\n\n\n\n<h4 class=\"wp-block-heading\">Fun\u00e7\u00f5es que comp\u00f5e o pacote<\/h4>\n\n\n\n<h5 class=\"wp-block-heading\">Cobran\u00e7a\/PIX:<\/h5>\n\n\n\n<ul class=\"wp-block-list\">\n<li>PIX &#8211; Inicializar;<\/li>\n\n\n\n<li>PIX &#8211; Criar Cobran\u00e7a;<\/li>\n\n\n\n<li>PIX &#8211; Cobran\u00e7a Atualizar\/Revisar;<\/li>\n\n\n\n<li>PIX &#8211; Consultar Cobran\u00e7a;<\/li>\n\n\n\n<li>PIX &#8211; Consultar Recebimentos;<\/li>\n\n\n\n<li>PIX &#8211; Gerar QR Code;<\/li>\n\n\n\n<li>PIX &#8211; Gerar Texto do QR Code Est\u00e1tico;<\/li>\n\n\n\n<li>PIX &#8211; Webhook &#8211; Definir;<\/li>\n\n\n\n<li>PIX &#8211; Webhook &#8211; Consultar;<\/li>\n\n\n\n<li>PIX &#8211; Processa Webhook.<\/li>\n<\/ul>\n\n\n\n<h5 class=\"wp-block-heading\">Arrecada\u00e7\u00e3o:<\/h5>\n\n\n\n<ul class=\"wp-block-list\">\n<li>PIX &#8211; Arrecada\u00e7\u00e3o &#8211; Criar QR Code;<\/li>\n\n\n\n<li>PIX &#8211; Arrecada\u00e7\u00e3o &#8211; Atualizar QR Code;<\/li>\n\n\n\n<li>PIX &#8211; Arrecada\u00e7\u00e3o &#8211; Consultar QR Code por Guia;<\/li>\n\n\n\n<li>PIX &#8211; Arrecada\u00e7\u00e3o &#8211; Consultar QR Code por ID;<\/li>\n\n\n\n<li>PIX &#8211; Arrecada\u00e7\u00e3o &#8211; Baixar\/Remover QR Code.<\/li>\n<\/ul>\n\n\n\n<h2 class=\"wp-block-heading\">D\u00favidas frequentes<\/h2>\n\n\n\n<ul class=\"wp-block-list\">\n<li>Gera cobran\u00e7a din\u00e2mica?<br>SIM.<\/li>\n\n\n\n<li>Permite definir a data de vencimento\/expira\u00e7\u00e3o?<br>SIM.<\/li>\n\n\n\n<li>Gera QR CODE para cobran\u00e7a est\u00e1tica?<br>SIM.<\/li>\n\n\n\n<li>Quais bancos funciona?<br>Para receber TODOS, para emitir a cobran\u00e7a ver lista de compatibilidade no fim desta p\u00e1gina.<\/li>\n\n\n\n<li>Gera o texto para PIX copia e cola?<br>SIM.<\/li>\n\n\n\n<li>Gera a imagem do QR CODE?<br>SIM.<\/li>\n\n\n\n<li>Tem limite de valores?<br>N\u00c3O. Vai depender do que for contratado no seu banco\/gerente conforme normas do BACEN e legisla\u00e7\u00e3o aplic\u00e1vel.<\/li>\n\n\n\n<li>\u00c9 segura?<br>SIM. A comunica\u00e7\u00e3o \u00c9 DIRETA com a API do banco. N\u00e3o tem intermedi\u00e1rios, ou seja, segue as mesmas regras de seguran\u00e7a do banco.<\/li>\n<\/ul>\n\n\n\n<h2 class=\"wp-block-heading\">\u00daltimas vers\u00f5es<\/h2>\n\n\n<ul class=\"lcp_catlist\" id=\"lcp_instance_0\"><li><a href=\"https:\/\/www.l2maker.com.br\/documentacao\/2025\/07\/api-do-pix-versao-1-17-0-publicada-em-30-07-2025\/\">API do PIX vers\u00e3o 1.17.0 publicada em 30\/07\/2025<\/a><\/li><li><a href=\"https:\/\/www.l2maker.com.br\/documentacao\/2025\/01\/api-do-pix-versao-1-15-0-publicada-em-20-01-2025\/\">API do PIX vers\u00e3o 1.15.0 publicada em 20\/01\/2025<\/a><\/li><li><a href=\"https:\/\/www.l2maker.com.br\/documentacao\/2024\/05\/api-do-pix-versao-1-11-0-publicada-em-23-03-2024\/\">API do PIX vers\u00e3o 1.11.0 publicada em 23\/05\/2024<\/a><\/li><li><a href=\"https:\/\/www.l2maker.com.br\/documentacao\/2024\/04\/api-do-pix-versao-1-10-1-publicada-em-25-04-2024\/\">API do PIX vers\u00e3o 1.10.1 publicada em 25\/04\/2024<\/a><\/li><li><a href=\"https:\/\/www.l2maker.com.br\/documentacao\/2023\/08\/api-do-pix-versao-1-8-2-publicada-em-21-08-2023\/\">API do PIX vers\u00e3o 1.8.2 publicada em 21\/08\/2023<\/a><\/li><\/ul><ul class='lcp_paginator'><li class='lcp_currentpage'>1<\/li><li><a href='https:\/\/www.l2maker.com.br\/documentacao\/wp-json\/wp\/v2\/pages\/2077?lcp_page0=2#lcp_instance_0' title='2'>2<\/a><\/li><li><a href='https:\/\/www.l2maker.com.br\/documentacao\/wp-json\/wp\/v2\/pages\/2077?lcp_page0=2#lcp_instance_0' title='2' class='lcp_nextlink'>&gt;&gt;<\/a><\/li><\/ul>\n\n\n\n<h2 class=\"wp-block-heading\">Como instalar<\/h2>\n\n\n\n<p>A instala\u00e7\u00e3o segue os passos padr\u00f5es das instala\u00e7\u00e3o de novas APIs no Maker\/Webrun. A saber:<\/p>\n\n\n\n<h2 class=\"wp-block-heading\">Maker<\/h2>\n\n\n\n<ol class=\"wp-block-list\">\n<li>Acesso o sistema onde deseja adicionar as fun\u00e7\u00f5es do PIX;<\/li>\n\n\n\n<li>Feche o editor de fluxos, e o cadastro de fun\u00e7\u00f5es se estiverem abertos;<\/li>\n\n\n\n<li>Importe o arquivo \u2018l2maker-api-pix-v*.frz\u2019;<\/li>\n\n\n\n<li>Abra o edito de fluxos e procure pela nova categoria \u2018PIX (L2MAKER.com.BR)\u2019;<\/li>\n\n\n\n<li>Pronto! Basta instalar no Webrun e usar as novas fun\u00e7\u00f5es.<\/li>\n<\/ol>\n\n\n\n<h2 class=\"wp-block-heading\">Webrun<\/h2>\n\n\n\n<ol class=\"wp-block-list\">\n<li><a rel=\"noreferrer noopener\" href=\"https:\/\/www.l2maker.com.br\/documentacao\/2016\/11\/biblioteca-basica-da-l2-l2s-core-jar\/\" target=\"_blank\">Instale a biblioteca b\u00e1sica em sua vers\u00e3o mais recente<\/a>;<\/li>\n\n\n\n<li>Copie o conte\u00fado da pasta <strong>Maker.Commons<\/strong> para a pasta<br>[<a href=\"https:\/\/www.l2maker.com.br\/documentacao\/?p=1\">WEBRUN<\/a>]\\systems\\<a href=\"https:\/\/www.l2maker.com.br\/documentacao\/?p=1\">Maker.Commons<\/a> (crie-a se n\u00e3o existir);<\/li>\n\n\n\n<li>Reinicie o Tomcat do Webrun;<\/li>\n\n\n\n<li>Acesse o sistema (1a vez);<\/li>\n\n\n\n<li>Reinicie novamente o Tomcat do Webrun (2a vez);<\/li>\n\n\n\n<li>Acesse o sistema novamente;<\/li>\n\n\n\n<li>Pronto! As bibliotecas est\u00e3o instaladas.<\/li>\n<\/ol>\n\n\n\n<ul class=\"wp-block-list\">\n<li>NOTA 1: Sempre que atualizar ou republicar o Webrun ser\u00e1 necess\u00e1rio acessar, e em seguida reiniciar o Webrun uma vez para que as bibliotecas sejam carregadas.<\/li>\n\n\n\n<li>NOTA 2: Quando publicar seu sistem com JAR certifique-se de levar junto a pasta \u2018Maker.Commons\u2019.<\/li>\n<\/ul>\n\n\n\n<h2 class=\"wp-block-heading\">Como utilizar<\/h2>\n\n\n\n<p><\/p>\n\n\n<ul class=\"lcp_catlist\" id=\"lcp_instance_0\"><li><a href=\"https:\/\/www.l2maker.com.br\/documentacao\/2026\/02\/trabalhando-com-o-pix-na-caixa-economica-federal-cef-104\/\">Trabalhando com o PIX na Caixa Econ\u00f4mica Federal (CEF \/ 104)<\/a><\/li><li><a href=\"https:\/\/www.l2maker.com.br\/documentacao\/2024\/01\/trabalhando-com-o-pix-no-sicoob-756\/\">Trabalhando com o PIX no Sicoob (756)<\/a><\/li><li><a href=\"https:\/\/www.l2maker.com.br\/documentacao\/2023\/08\/trabalhando-com-o-pix-no-banco-inter-bancointer-077\/\">Trabalhando com o PIX no Banco Inter (BancoInter \/ 077)<\/a><\/li><li><a href=\"https:\/\/www.l2maker.com.br\/documentacao\/2023\/05\/trabalhando-com-o-pix-no-sicredi-748\/\">Trabalhando com o PIX no Sicredi (748)<\/a><\/li><li><a href=\"https:\/\/www.l2maker.com.br\/documentacao\/2022\/04\/trabalhando-com-o-pix-no-itau-341\/\">Trabalhando com o PIX no Ita\u00fa (341)<\/a><\/li><li><a href=\"https:\/\/www.l2maker.com.br\/documentacao\/2022\/03\/trabalhando-com-o-pix-no-gerencianet\/\">Trabalhando com o PIX no GerenciaNet<\/a><\/li><li><a href=\"https:\/\/www.l2maker.com.br\/documentacao\/2022\/02\/trabalhando-com-o-pix-no-bradesco-bra-237\/\">Trabalhando com o PIX no Bradesco (BRA \/ 237)<\/a><\/li><li><a href=\"https:\/\/www.l2maker.com.br\/documentacao\/2021\/04\/criando-uma-cobranca-via-pix\/\">Criando uma cobran\u00e7a via PIX<\/a><\/li><li><a href=\"https:\/\/www.l2maker.com.br\/documentacao\/2021\/04\/trabalhando-com-o-pix-no-banco-do-brasil-bb-001\/\">Trabalhando com o PIX no Banco do Brasil (BB \/ 001)<\/a><\/li><\/ul>\n\n\n\n<h2 class=\"wp-block-heading\">Compatibilidade<\/h2>\n\n\n\n<p>As rotinas do PIX exigem <strong>Java 8 ou mais recente<\/strong> em 32 ou 64 bits. <a rel=\"noreferrer noopener\" href=\"\/documentacao\/2018\/06\/configurando-o-java-do-tomcat\/\" target=\"_blank\">Confira a vers\u00e3o do seu Java e atualize se necess\u00e1rio.<\/a><\/p>\n","protected":false},"excerpt":{"rendered":"<p>Permite o envio de cobran\u00e7as via PIX de forma simples e pr\u00e1tica. Fun\u00e7\u00f5es que comp\u00f5e o pacote Cobran\u00e7a\/PIX: Arrecada\u00e7\u00e3o: D\u00favidas frequentes \u00daltimas vers\u00f5es Como instalar A instala\u00e7\u00e3o segue os passos padr\u00f5es das instala\u00e7\u00e3o de novas APIs no Maker\/Webrun. A saber: Maker Webrun Como utilizar Compatibilidade As rotinas do PIX exigem Java 8 ou mais recente [&hellip;]<\/p>\n","protected":false},"author":1,"featured_media":0,"parent":0,"menu_order":0,"comment_status":"closed","ping_status":"closed","template":"","meta":{"footnotes":""},"class_list":["post-2077","page","type-page","status-publish","hentry"],"_links":{"self":[{"href":"https:\/\/www.l2maker.com.br\/documentacao\/wp-json\/wp\/v2\/pages\/2077","targetHints":{"allow":["GET"]}}],"collection":[{"href":"https:\/\/www.l2maker.com.br\/documentacao\/wp-json\/wp\/v2\/pages"}],"about":[{"href":"https:\/\/www.l2maker.com.br\/documentacao\/wp-json\/wp\/v2\/types\/page"}],"author":[{"embeddable":true,"href":"https:\/\/www.l2maker.com.br\/documentacao\/wp-json\/wp\/v2\/users\/1"}],"replies":[{"embeddable":true,"href":"https:\/\/www.l2maker.com.br\/documentacao\/wp-json\/wp\/v2\/comments?post=2077"}],"version-history":[{"count":17,"href":"https:\/\/www.l2maker.com.br\/documentacao\/wp-json\/wp\/v2\/pages\/2077\/revisions"}],"predecessor-version":[{"id":3547,"href":"https:\/\/www.l2maker.com.br\/documentacao\/wp-json\/wp\/v2\/pages\/2077\/revisions\/3547"}],"wp:attachment":[{"href":"https:\/\/www.l2maker.com.br\/documentacao\/wp-json\/wp\/v2\/media?parent=2077"}],"curies":[{"name":"wp","href":"https:\/\/api.w.org\/{rel}","templated":true}]}}