{"id":1028,"date":"2018-03-04T20:37:06","date_gmt":"2018-03-04T23:37:06","guid":{"rendered":"http:\/\/www.l2maker.com.br\/documentacao\/?page_id=1028"},"modified":"2018-03-05T10:32:45","modified_gmt":"2018-03-05T13:32:45","slug":"api-telegram","status":"publish","type":"page","link":"https:\/\/www.l2maker.com.br\/documentacao\/api-telegram\/","title":{"rendered":"Telegram &#8211; API para Maker 3.x e Studio"},"content":{"rendered":"<p>Esta API permite o envio e recep\u00e7\u00e3o de mensagens para usu\u00e1rios do Telegram. N\u00e3o, n\u00e3o serve como ferramenta de SPAM, mas serve muito bem para comunica\u00e7\u00e3o com pessoas que querem receber\/enviar mensagens para o sistema.<\/p>\n<h1>Fun\u00e7\u00f5es que integram o pacote<\/h1>\n<p>Rotinas para:<\/p>\n<ol>\n<li>Telegram &#8211; Iniciar BOT;<\/li>\n<li>Telegram &#8211; Enviar Texto;<\/li>\n<li>Telegram &#8211; Enviar Imagem;<\/li>\n<li>Telegram &#8211; Enviar Documento;<\/li>\n<li>Telegram &#8211; Enviar Localiza\u00e7\u00e3o;<\/li>\n<li>Telegram &#8211; Ler Mensagens;<\/li>\n<li>Telegram &#8211; Finalizar BOT.<\/li>\n<\/ol>\n<h1>Pr\u00e9-requisito<\/h1>\n<p>Esta API <strong>s\u00f3 funciona com Java 6 ou superior<\/strong>. Assim, se tiver utilizando o Webrun 2.7 \u00e9 necess\u00e1rio certificar-se que o mesmo est\u00e1 com o <strong>Java 6 ou superior<\/strong>. Webrun 3.x e Studio normalmente j\u00e1 vem na vers\u00e3o mais atual.<\/p>\n<h1>\u00daltimas vers\u00f5es<\/h1>\n<ul class=\"lcp_catlist\" id=\"lcp_instance_0\"><li><a href=\"https:\/\/www.l2maker.com.br\/documentacao\/2021\/03\/api-de-telegram-para-maker-versao-1-1-0-publicada-em-29-03-2021\/\">API de Telegram para Maker vers\u00e3o 1.1.0 publicada em 29\/03\/2021<\/a><\/li><li><a href=\"https:\/\/www.l2maker.com.br\/documentacao\/2018\/03\/api-de-telegram-para-maker-versao-1-0-0-publicada-em-03-05\/\">API de Telegram para Maker vers\u00e3o 1.0.0 publicada em 05\/03\/2018<\/a><\/li><\/ul>\n<h1>Como instalar<\/h1>\n<h2>Maker 2.x, 3.x ou Studio<\/h2>\n<ol>\n<li>Acesso o sistema onde deseja adicionar as fun\u00e7\u00f5es do Telegram;<\/li>\n<li>Feche o editor de fluxos, e o cadastro de fun\u00e7\u00f5es se estiverem abertos;<\/li>\n<li>Importe o arquivo \u2018l2s-api-telegram-v*.frz\u2019;<\/li>\n<li>Abra o edito de fluxos e procure pela nova categoria \u2018Telegram (L2S)\u2019;<\/li>\n<li>Pronto! Basta instalar no Webrun e usar a nova fun\u00e7\u00e3o.<\/li>\n<\/ol>\n<h2>Webrun 2.x, 3.x ou Studio<\/h2>\n<ol>\n<li><a href=\"https:\/\/www.l2maker.com.br\/documentacao\/2016\/11\/biblioteca-basica-da-l2-l2s-core-jar\/\" target=\"_blank\" rel=\"noopener\">Instale a biblioteca b\u00e1sica em sua vers\u00e3o mais recente<\/a>;<\/li>\n<li>Copie o conte\u00fado da pasta Maker.Commons para a pasta<br \/>\n[<a href=\"https:\/\/www.l2maker.com.br\/documentacao\/?p=1\">WEBRUN<\/a>]\\systems\\<a href=\"https:\/\/www.l2maker.com.br\/documentacao\/?p=1\">Maker.Commons<\/a>\u00a0(crie-a se n\u00e3o existir);<\/li>\n<li>Reinicie o Tomcat do Webrun;<\/li>\n<li>Acesse o sistema (1a vez);<\/li>\n<li>Reinicie novamente o Tomcat do Webrun (2a vez);<\/li>\n<li>Acesse o sistema novamente;<\/li>\n<li>Pronto! As bibliotecas est\u00e3o instaladas.<\/li>\n<\/ol>\n<ul>\n<li>NOTA 1: Sempre que atualizar ou republicar o Webrun ser\u00e1 necess\u00e1rio acessar, e em seguida reiniciar o Webrun uma vez para que as bibliotecas sejam carregadas.<\/li>\n<li>NOTA 2: Quando publicar seu sistem com JAR certifique-se de levar junto a pasta \u2018Maker.Commons\u2019.<\/li>\n<\/ul>\n<h1>Criando um BOT<\/h1>\n<ol>\n<li>Instale e ative o Telegram em seu smartphone (se ainda n\u00e3o tiver);<\/li>\n<li>Adicione o contato &#8220;BotFather&#8221;;<\/li>\n<li>Envia a mensagem &#8220;\/newbot&#8221;;<\/li>\n<li>Siga as instru\u00e7\u00f5es na tela (Basicamente informar a descri\u00e7\u00e3o e o nome do usu\u00e1rio, terminando com &#8220;Bot&#8221;);<\/li>\n<li>Quando tudo tiver configurado voc\u00ea receber\u00e1 o TOKEN;<\/li>\n<li>Adicione o BOT criado na sua lista de contatos e nos demais smartphones que ir\u00e3o interagir com o BOT.<\/li>\n<\/ol>\n<h1>Como utilizar<\/h1>\n<p>Abaixo alguns textos sobre como interagir com essa.<\/p>\n<ul class=\"lcp_catlist\" id=\"lcp_instance_0\"><li><a href=\"https:\/\/www.l2maker.com.br\/documentacao\/2021\/10\/trabalhando-com-o-telegram\/\">Trabalhando com o Telegram<\/a><\/li><li><a href=\"https:\/\/www.l2maker.com.br\/documentacao\/2019\/10\/chatbot-com-whatsapp-telegram-e-inteligencia-artifical-em-maker\/\">Chatbot com WhatsApp, Telegram e Intelig\u00eancia artifical em Maker<\/a><\/li><li><a href=\"https:\/\/www.l2maker.com.br\/documentacao\/2018\/03\/telegram-configura-resposta\/\">Configurando a resposta esperada no Telegram<\/a><\/li><\/ul>\n<h1>Limita\u00e7\u00f5es do trial<\/h1>\n<p>As limita\u00e7\u00f5es da vers\u00e3o trial incluem:<\/p>\n<ul>\n<li>Envio de mensagens informando que est\u00e1 em modo de avalia\u00e7\u00e3o;<\/li>\n<li>Supress\u00e3o de partes das respostas dos usu\u00e1rios;<\/li>\n<li>Outras n\u00e3o especificadas.<\/li>\n<\/ul>\n","protected":false},"excerpt":{"rendered":"<p>Esta API permite o envio e recep\u00e7\u00e3o de mensagens para usu\u00e1rios do Telegram. N\u00e3o, n\u00e3o serve como ferramenta de SPAM, mas serve muito bem para comunica\u00e7\u00e3o com pessoas que querem receber\/enviar mensagens para o sistema. Fun\u00e7\u00f5es que integram o pacote Rotinas para: Telegram &#8211; Iniciar BOT; Telegram &#8211; Enviar Texto; Telegram &#8211; Enviar Imagem; Telegram [&hellip;]<\/p>\n","protected":false},"author":1,"featured_media":0,"parent":0,"menu_order":0,"comment_status":"closed","ping_status":"closed","template":"","meta":{"footnotes":""},"class_list":["post-1028","page","type-page","status-publish","hentry"],"_links":{"self":[{"href":"https:\/\/www.l2maker.com.br\/documentacao\/wp-json\/wp\/v2\/pages\/1028","targetHints":{"allow":["GET"]}}],"collection":[{"href":"https:\/\/www.l2maker.com.br\/documentacao\/wp-json\/wp\/v2\/pages"}],"about":[{"href":"https:\/\/www.l2maker.com.br\/documentacao\/wp-json\/wp\/v2\/types\/page"}],"author":[{"embeddable":true,"href":"https:\/\/www.l2maker.com.br\/documentacao\/wp-json\/wp\/v2\/users\/1"}],"replies":[{"embeddable":true,"href":"https:\/\/www.l2maker.com.br\/documentacao\/wp-json\/wp\/v2\/comments?post=1028"}],"version-history":[{"count":14,"href":"https:\/\/www.l2maker.com.br\/documentacao\/wp-json\/wp\/v2\/pages\/1028\/revisions"}],"predecessor-version":[{"id":1048,"href":"https:\/\/www.l2maker.com.br\/documentacao\/wp-json\/wp\/v2\/pages\/1028\/revisions\/1048"}],"wp:attachment":[{"href":"https:\/\/www.l2maker.com.br\/documentacao\/wp-json\/wp\/v2\/media?parent=1028"}],"curies":[{"name":"wp","href":"https:\/\/api.w.org\/{rel}","templated":true}]}}